{"id":17,"date":"2021-06-04T08:52:27","date_gmt":"2021-06-04T08:52:27","guid":{"rendered":"http:\/\/www.pirkanmaanrakennuttajapalvelu.fi\/?page_id=17"},"modified":"2021-07-06T10:50:22","modified_gmt":"2021-07-06T10:50:22","slug":"yhteystiedot","status":"publish","type":"page","link":"https:\/\/www.pirkanmaanrakennuttajapalvelu.fi\/index.php\/yhteystiedot\/","title":{"rendered":"Yhteystiedot"},"content":{"rendered":"<p>[et_pb_section fb_built=&#8221;1&#8243; next_background_color=&#8221;#ffffff&#8221; admin_label=&#8221;Hero&#8221; _builder_version=&#8221;4.9.7&#8243; use_background_color_gradient=&#8221;on&#8221; background_color_gradient_start=&#8221;rgba(40,40,40,0.79)&#8221; background_color_gradient_end=&#8221;rgba(40,40,40,0.86)&#8221; background_color_gradient_type=&#8221;radial&#8221; background_color_gradient_direction_radial=&#8221;top left&#8221; background_color_gradient_overlays_image=&#8221;on&#8221; background_image=&#8221;https:\/\/www.pirkanmaanrakennuttajapalvelu.fi\/wp-content\/uploads\/2021\/06\/construction-21.jpg&#8221; custom_margin=&#8221;||||false&#8221; custom_padding=&#8221;12vw||12vw||true|false&#8221; bottom_divider_style=&#8221;mountains2&#8243;][et_pb_row column_structure=&#8221;2_3,1_3&#8243; _builder_version=&#8221;3.25&#8243; custom_margin=&#8221;-4px|auto||auto||&#8221; custom_padding=&#8221;12px|||||&#8221;][et_pb_column type=&#8221;2_3&#8243; _builder_version=&#8221;3.25&#8243; custom_padding=&#8221;|||&#8221; custom_padding__hover=&#8221;|||&#8221;][et_pb_text _builder_version=&#8221;4.9.7&#8243; text_font=&#8221;||||||||&#8221; header_font=&#8221;Rubik|700|||||||&#8221; header_font_size=&#8221;64px&#8221; header_line_height=&#8221;1.1em&#8221; background_layout=&#8221;dark&#8221; max_width=&#8221;800px&#8221; custom_margin=&#8221;||0px|&#8221; custom_margin_tablet=&#8221;&#8221; custom_margin_phone=&#8221;15px||0px||false|false&#8221; custom_margin_last_edited=&#8221;on|phone&#8221; custom_padding=&#8221;|||16px&#8221; text_font_size_tablet=&#8221;14px&#8221; text_font_size_last_edited=&#8221;off|desktop&#8221; header_font_size_tablet=&#8221;53px&#8221; header_font_size_phone=&#8221;33px&#8221; header_font_size_last_edited=&#8221;on|tablet&#8221; border_color_all=&#8221;#ffb400&#8243; border_width_left=&#8221;10px&#8221;]<\/p>\n<h1>Yhteystiedot<\/h1>\n<p>[\/et_pb_text][et_pb_text _builder_version=&#8221;4.9.7&#8243; text_font=&#8221;||||||||&#8221; text_font_size=&#8221;22px&#8221; text_line_height=&#8221;1.6em&#8221; header_font=&#8221;||||||||&#8221; background_layout=&#8221;dark&#8221; max_width=&#8221;800px&#8221; custom_margin=&#8221;|||&#8221; custom_padding=&#8221;20px||20px||true&#8221; text_font_size_tablet=&#8221;18px&#8221; text_font_size_phone=&#8221;16px&#8221; text_font_size_last_edited=&#8221;on|phone&#8221; locked=&#8221;off&#8221;]<\/p>\n<p>Jos tarvitset ty\u00f6njohto- \/ -valvojan, rakennuttamisen tai p\u00e4\u00e4suunnittelijan palveluita, ota ihmeess\u00e4 yhteytt\u00e4!<\/p>\n<p>[\/et_pb_text][\/et_pb_column][et_pb_column type=&#8221;1_3&#8243; _builder_version=&#8221;3.25&#8243; custom_padding=&#8221;|||&#8221; custom_padding__hover=&#8221;|||&#8221;][\/et_pb_column][\/et_pb_row][\/et_pb_section][et_pb_section fb_built=&#8221;1&#8243; admin_label=&#8221; Call Us&#8221; _builder_version=&#8221;3.22&#8243; custom_margin=&#8221;||-3px|||&#8221; custom_padding=&#8221;20px|0px|20px|0px|true|false&#8221; animation_style=&#8221;slide&#8221; animation_direction=&#8221;top&#8221; animation_intensity_slide=&#8221;10%&#8221; box_shadow_style=&#8221;preset3&#8243; box_shadow_vertical=&#8221;10px&#8221; box_shadow_blur=&#8221;105px&#8221; box_shadow_spread=&#8221;0px&#8221; box_shadow_color=&#8221;rgba(0,0,0,0.12)&#8221;][et_pb_row _builder_version=&#8221;3.25&#8243; background_color=&#8221;#ffffff&#8221; custom_margin=&#8221;19px|auto||auto||&#8221;][et_pb_column type=&#8221;4_4&#8243; _builder_version=&#8221;3.25&#8243; custom_padding=&#8221;|||&#8221; custom_padding__hover=&#8221;|||&#8221;][et_pb_text _builder_version=&#8221;4.9.7&#8243; header_font=&#8221;||||||||&#8221; header_font_size=&#8221;40px&#8221; header_2_font=&#8221;Rubik|700|||||||&#8221; header_2_text_color=&#8221;#ffb400&#8243; header_2_font_size=&#8221;42px&#8221; header_2_line_height=&#8221;1.2em&#8221; header_4_font=&#8221;Rubik||||||||&#8221; header_4_font_size=&#8221;30px&#8221; header_4_line_height=&#8221;1.4em&#8221; text_orientation=&#8221;center&#8221; header_2_font_size_tablet=&#8221;&#8221; header_2_font_size_phone=&#8221;25px&#8221; header_2_font_size_last_edited=&#8221;on|phone&#8221; header_4_font_size_tablet=&#8221;&#8221; header_4_font_size_phone=&#8221;22px&#8221; header_4_font_size_last_edited=&#8221;on|phone&#8221;]<\/p>\n<h2>Soita!: +358 50 563 8154<\/h2>\n<h4>En malta odottaa, ett\u00e4 voin toteuttaa ideoitasi!<\/h4>\n<p>[\/et_pb_text][\/et_pb_column][\/et_pb_row][\/et_pb_section][et_pb_section fb_built=&#8221;1&#8243; _builder_version=&#8221;4.9.7&#8243; _module_preset=&#8221;default&#8221; custom_padding=&#8221;2px||23px|||&#8221;][et_pb_row column_structure=&#8221;1_2,1_2&#8243; _builder_version=&#8221;4.9.7&#8243; _module_preset=&#8221;default&#8221; custom_padding=&#8221;44px|||||&#8221;][et_pb_column type=&#8221;1_2&#8243; _builder_version=&#8221;4.9.7&#8243; _module_preset=&#8221;default&#8221;][et_pb_image src=&#8221;https:\/\/www.pirkanmaanrakennuttajapalvelu.fi\/wp-content\/uploads\/2021\/07\/pirkanmaan_rakennuttajapalvelu_jani_nyberg.jpg&#8221; title_text=&#8221;Pirkanmaan Rakennuttajapalvelu Oy \/ Jani Nyberg&#8221; _builder_version=&#8221;4.9.7&#8243; _module_preset=&#8221;default&#8221; transform_scale=&#8221;83%|83%&#8221; width=&#8221;100%&#8221; box_shadow_style=&#8221;preset4&#8243; box_shadow_color=&#8221;#FFB400&#8243;][\/et_pb_image][\/et_pb_column][et_pb_column type=&#8221;1_2&#8243; _builder_version=&#8221;4.9.7&#8243; _module_preset=&#8221;default&#8221;][et_pb_text _builder_version=&#8221;4.9.7&#8243; text_font=&#8221;||||||||&#8221; link_font=&#8221;||||||||&#8221; ul_font=&#8221;||||||||&#8221; ol_font=&#8221;||||||||&#8221; quote_font=&#8221;||||||||&#8221; header_font=&#8221;||||||||&#8221; header_2_font=&#8221;Rubik|700|||||||&#8221; header_2_font_size=&#8221;42px&#8221; header_2_line_height=&#8221;1.2em&#8221; module_alignment=&#8221;center&#8221; min_height=&#8221;45.4px&#8221; custom_margin=&#8221;67px|||||&#8221; custom_margin_tablet=&#8221;-1px|||||&#8221; custom_margin_phone=&#8221;15px||||false|false&#8221; custom_margin_last_edited=&#8221;on|phone&#8221; custom_padding=&#8221;|||&#8221; header_2_font_size_tablet=&#8221;&#8221; header_2_font_size_phone=&#8221;28px&#8221; header_2_font_size_last_edited=&#8221;on|phone&#8221; locked=&#8221;off&#8221;]<\/p>\n<h2>Tietoja minusta:<\/h2>\n<p>[\/et_pb_text][et_pb_divider divider_position=&#8221;center&#8221; divider_weight=&#8221;5px&#8221; _builder_version=&#8221;3.9&#8243; max_width=&#8221;50px&#8221; locked=&#8221;off&#8221;][\/et_pb_divider][et_pb_text _builder_version=&#8221;4.9.7&#8243; text_font=&#8221;Montserrat||||||||&#8221; text_font_size=&#8221;15px&#8221; text_line_height=&#8221;1.8em&#8221; header_3_font=&#8221;Rubik||||||||&#8221; header_3_text_color=&#8221;#333333&#8243; header_3_letter_spacing=&#8221;1px&#8221; custom_margin=&#8221;2px|||||&#8221; custom_padding=&#8221;2px|||||&#8221; custom_padding_tablet=&#8221;|40px||40px||true&#8221; custom_padding_last_edited=&#8221;off|desktop&#8221; hover_enabled=&#8221;0&#8243; locked=&#8221;off&#8221; header_3_line_height=&#8221;1.2em&#8221; sticky_enabled=&#8221;0&#8243;]<\/p>\n<h3><strong>Jani Nyberg \/ Pirkanmaan Rakennuttajapalvely Oy<br \/><\/strong><\/h3>\n<p><strong>Koulutus:<\/strong> Rakennusalan perustutkinto (talonrakentaja) ja Rakennustekniikan insin\u00f6\u00f6ri (AMK)<\/p>\n<p><strong>Ty\u00f6historia:<\/strong> Olen toiminut Kastelli-talot Oy:n palveluksessa ty\u00f6p\u00e4\u00e4llik\u00f6n teht\u00e4v\u00e4ss\u00e4 vuodesta 2010 l\u00e4htien. Vastuulleni on kuulunut omakotitalojen, vapaa-ajan asuntojen ja autotallien asennusten organisointi sek\u00e4 yhteisty\u00f6 hankkeisiin liittyvien eri sidosryhmien kanssa.<br \/>Ennen insin\u00f6\u00f6ritutkintoa olen ty\u00f6skennellyt rakennusty\u00f6mailla suorittavan tason eri ty\u00f6teht\u00e4viss\u00e4 useamman vuoden ajan.<\/p>\n<p><strong>Perhe ja harrastukset:<\/strong><br \/>Perheeseeni kuuluvat vaimo ja kaksi poikaa. Harrastuksiini kuuluu valmennustoiminta lasten liikunnan parissa, kuntosalilla k\u00e4ynti ja ulkona liikkuminen.<\/p>\n<p>&nbsp;<\/p>\n<p>[\/et_pb_text][\/et_pb_column][\/et_pb_row][\/et_pb_section][et_pb_section fb_built=&#8221;1&#8243; custom_padding_last_edited=&#8221;on|phone&#8221; prev_background_color=&#8221;#ffffff&#8221; admin_label=&#8221;Footer&#8221; _builder_version=&#8221;4.9.7&#8243; use_background_color_gradient=&#8221;on&#8221; background_color_gradient_start=&#8221;rgba(0,0,0,0.65)&#8221; background_color_gradient_end=&#8221;rgba(0,0,0,0.84)&#8221; background_color_gradient_overlays_image=&#8221;on&#8221; background_image=&#8221;https:\/\/www.pirkanmaanrakennuttajapalvelu.fi\/wp-content\/uploads\/2021\/07\/rakennuttaminen_pirkanmaa.jpg&#8221; custom_margin=&#8221;15px|||||&#8221; custom_padding=&#8221;124px||90px|||&#8221; custom_padding_tablet=&#8221;&#8221; custom_padding_phone=&#8221;65px||||false|false&#8221; top_divider_style=&#8221;mountains2&#8243; saved_tabs=&#8221;all&#8221; locked=&#8221;off&#8221;][et_pb_row column_structure=&#8221;1_3,2_3&#8243; use_custom_gutter=&#8221;on&#8221; gutter_width=&#8221;2&#8243; make_equal=&#8221;on&#8221; _builder_version=&#8221;3.25&#8243; background_size=&#8221;initial&#8221; background_position=&#8221;top_left&#8221; background_repeat=&#8221;repeat&#8221; custom_padding=&#8221;46px|||||&#8221;][et_pb_column type=&#8221;1_3&#8243; _builder_version=&#8221;3.25&#8243; background_color=&#8221;#ffffff&#8221; background_position=&#8221;top_left&#8221; custom_padding=&#8221;50px|40px|50px|40px&#8221; custom_padding__hover=&#8221;|||&#8221;][et_pb_text admin_label=&#8221;Contact US Title&#8221; _builder_version=&#8221;4.9.7&#8243; text_font=&#8221;||||||||&#8221; text_font_size=&#8221;15px&#8221; header_font=&#8221;Montserrat||||&#8221; header_text_color=&#8221;#1f1f1f&#8221; header_font_size=&#8221;22px&#8221; custom_margin=&#8221;||39px|||&#8221; custom_padding=&#8221;0px|0px|0px|0px&#8221; animation_style=&#8221;fold&#8221; animation_direction=&#8221;bottom&#8221; animation_intensity_fold=&#8221;20%&#8221;]<\/p>\n<p>Jos tarvitset ty\u00f6njohto- \/ -valvojan, rakennuttamisen tai p\u00e4\u00e4suunnittelijan palveluita, ota ihmeess\u00e4 yhteytt\u00e4!<\/p>\n<p>[\/et_pb_text][et_pb_blurb use_icon=&#8221;on&#8221; font_icon=&#8221;%%249%%&#8221; icon_color=&#8221;#FFB400&#8243; icon_placement=&#8221;left&#8221; use_icon_font_size=&#8221;on&#8221; icon_font_size=&#8221;28px&#8221; icon_font_size_last_edited=&#8221;off|desktop&#8221; admin_label=&#8221;Address&#8221; _builder_version=&#8221;4.9.7&#8243; body_font_size=&#8221;16px&#8221; custom_margin=&#8221;|||&#8221; animation_style=&#8221;fold&#8221; animation_direction=&#8221;bottom&#8221; animation_intensity_fold=&#8221;20%&#8221;]<\/p>\n<p>Jani Nyberg \/ Orivesi<\/p>\n<p>[\/et_pb_blurb][et_pb_blurb use_icon=&#8221;on&#8221; font_icon=&#8221;%%104%%&#8221; icon_color=&#8221;#FFB400&#8243; icon_placement=&#8221;left&#8221; use_icon_font_size=&#8221;on&#8221; icon_font_size=&#8221;28px&#8221; _builder_version=&#8221;4.9.7&#8243; body_font_size=&#8221;16px&#8221; custom_margin=&#8221;|||&#8221; animation_style=&#8221;fold&#8221; animation_direction=&#8221;bottom&#8221; animation_intensity_fold=&#8221;20%&#8221;]<\/p>\n<p>+358 50 563 8154<\/p>\n<p>[\/et_pb_blurb][et_pb_blurb use_icon=&#8221;on&#8221; font_icon=&#8221;%%238%%&#8221; icon_color=&#8221;#FFB400&#8243; icon_placement=&#8221;left&#8221; use_icon_font_size=&#8221;on&#8221; icon_font_size=&#8221;28px&#8221; admin_label=&#8221;Email&#8221; _builder_version=&#8221;4.9.7&#8243; body_font_size=&#8221;16px&#8221; custom_margin=&#8221;|||&#8221; animation_style=&#8221;fold&#8221; animation_direction=&#8221;bottom&#8221; animation_intensity_fold=&#8221;20%&#8221;]<\/p>\n<p>pirkanmaanrakennuttaja<br \/>palvelu@gmail.com<\/p>\n<p>[\/et_pb_blurb][et_pb_social_media_follow admin_label=&#8221;Facebook&#8221; _builder_version=&#8221;3.0.87&#8243; text_orientation=&#8221;center&#8221; custom_margin=&#8221;|||&#8221; border_radii=&#8221;on|100%|100%|100%|100%&#8221; link_shape=&#8221;circle&#8221;][et_pb_social_media_follow_network social_network=&#8221;facebook&#8221; _builder_version=&#8221;3.0.78&#8243; background_color=&#8221;#c1c1c1&#8243; custom_margin=&#8221;|10px||&#8221; bg_color=&#8221;#3b5998&#8243; link_shape=&#8221;circle&#8221; follow_button=&#8221;off&#8221; url_new_window=&#8221;on&#8221;]facebook[\/et_pb_social_media_follow_network][et_pb_social_media_follow_network social_network=&#8221;twitter&#8221; _builder_version=&#8221;3.0.78&#8243; background_color=&#8221;#c1c1c1&#8243; custom_margin=&#8221;|10px||&#8221; bg_color=&#8221;#00aced&#8221; link_shape=&#8221;circle&#8221; follow_button=&#8221;off&#8221; url_new_window=&#8221;on&#8221;]twitter[\/et_pb_social_media_follow_network][et_pb_social_media_follow_network social_network=&#8221;linkedin&#8221; _builder_version=&#8221;3.0.78&#8243; background_color=&#8221;#c1c1c1&#8243; custom_margin=&#8221;|0px||&#8221; bg_color=&#8221;#007bb6&#8243; link_shape=&#8221;circle&#8221; follow_button=&#8221;off&#8221; url_new_window=&#8221;on&#8221;]linkedin[\/et_pb_social_media_follow_network][\/et_pb_social_media_follow][et_pb_social_media_follow _builder_version=&#8221;3.0.87&#8243;][\/et_pb_social_media_follow][\/et_pb_column][et_pb_column type=&#8221;2_3&#8243; _builder_version=&#8221;3.25&#8243; background_color=&#8221;#ffffff&#8221; background_position=&#8221;top_left&#8221; custom_padding=&#8221;50px|40px|50px|40px&#8221; custom_padding__hover=&#8221;|||&#8221;][et_pb_contact_form captcha=&#8221;off&#8221; title=&#8221;Ota yhteytt\u00e4!&#8221; submit_button_text=&#8221;L\u00e4het\u00e4&#8221; module_id=&#8221;et_pb_contact_form_1&#8243; _builder_version=&#8221;4.9.7&#8243; form_field_background_color=&#8221;rgba(255,255,255,0)&#8221; form_field_text_color=&#8221;#6d6d6d&#8221; title_font=&#8221;Rubik|600|||||||&#8221; title_text_color=&#8221;#FFB400&#8243; title_font_size=&#8221;33px&#8221; form_field_font=&#8221;||||||||&#8221; custom_button=&#8221;on&#8221; button_text_size=&#8221;18px&#8221; button_text_color=&#8221;#ffffff&#8221; button_bg_color=&#8221;#FFB400&#8243; button_border_width=&#8221;2px&#8221; button_border_color=&#8221;#FFB400&#8243; button_border_radius=&#8221;0px&#8221; button_letter_spacing=&#8221;2px&#8221; button_font=&#8221;Rubik|||on|||||&#8221; button_use_icon=&#8221;off&#8221; animation_style=&#8221;fold&#8221; animation_direction=&#8221;bottom&#8221; animation_intensity_fold=&#8221;20%&#8221; border_width_all=&#8221;1px&#8221; border_color_all=&#8221;rgba(0,0,0,0.12)&#8221; border_style_all=&#8221;solid&#8221; use_border_color=&#8221;on&#8221; border_color=&#8221;rgba(0,0,0,0.12)&#8221; form_background_color=&#8221;rgba(255,255,255,0)&#8221; button_text_color_hover=&#8221;#6eba01&#8243; button_bg_color_hover=&#8221;rgba(0,0,0,0)&#8221; button_border_color_hover=&#8221;#6eba01&#8243; button_border_radius_hover=&#8221;0px&#8221; button_letter_spacing_hover=&#8221;2px&#8221;][et_pb_contact_field field_id=&#8221;Nimi&#8221; field_title=&#8221;Nimi&#8221; fullwidth_field=&#8221;on&#8221; _builder_version=&#8221;4.9.7&#8243; button_text_size__hover_enabled=&#8221;off&#8221; button_one_text_size__hover_enabled=&#8221;off&#8221; button_two_text_size__hover_enabled=&#8221;off&#8221; button_text_color__hover_enabled=&#8221;off&#8221; button_one_text_color__hover_enabled=&#8221;off&#8221; button_two_text_color__hover_enabled=&#8221;off&#8221; button_border_width__hover_enabled=&#8221;off&#8221; button_one_border_width__hover_enabled=&#8221;off&#8221; button_two_border_width__hover_enabled=&#8221;off&#8221; button_border_color__hover_enabled=&#8221;off&#8221; button_one_border_color__hover_enabled=&#8221;off&#8221; button_two_border_color__hover_enabled=&#8221;off&#8221; button_border_radius__hover_enabled=&#8221;off&#8221; button_one_border_radius__hover_enabled=&#8221;off&#8221; button_two_border_radius__hover_enabled=&#8221;off&#8221; button_letter_spacing__hover_enabled=&#8221;off&#8221; button_one_letter_spacing__hover_enabled=&#8221;off&#8221; button_two_letter_spacing__hover_enabled=&#8221;off&#8221; button_bg_color__hover_enabled=&#8221;off&#8221; button_one_bg_color__hover_enabled=&#8221;off&#8221; button_two_bg_color__hover_enabled=&#8221;off&#8221;][\/et_pb_contact_field][et_pb_contact_field field_id=&#8221;S\u00e4hk\u00f6posti&#8221; field_title=&#8221;S\u00e4hk\u00f6postiosoite&#8221; field_type=&#8221;email&#8221; fullwidth_field=&#8221;on&#8221; _builder_version=&#8221;4.9.7&#8243; button_text_size__hover_enabled=&#8221;off&#8221; button_one_text_size__hover_enabled=&#8221;off&#8221; button_two_text_size__hover_enabled=&#8221;off&#8221; button_text_color__hover_enabled=&#8221;off&#8221; button_one_text_color__hover_enabled=&#8221;off&#8221; button_two_text_color__hover_enabled=&#8221;off&#8221; button_border_width__hover_enabled=&#8221;off&#8221; button_one_border_width__hover_enabled=&#8221;off&#8221; button_two_border_width__hover_enabled=&#8221;off&#8221; button_border_color__hover_enabled=&#8221;off&#8221; button_one_border_color__hover_enabled=&#8221;off&#8221; button_two_border_color__hover_enabled=&#8221;off&#8221; button_border_radius__hover_enabled=&#8221;off&#8221; button_one_border_radius__hover_enabled=&#8221;off&#8221; button_two_border_radius__hover_enabled=&#8221;off&#8221; button_letter_spacing__hover_enabled=&#8221;off&#8221; button_one_letter_spacing__hover_enabled=&#8221;off&#8221; button_two_letter_spacing__hover_enabled=&#8221;off&#8221; button_bg_color__hover_enabled=&#8221;off&#8221; button_one_bg_color__hover_enabled=&#8221;off&#8221; button_two_bg_color__hover_enabled=&#8221;off&#8221;][\/et_pb_contact_field][et_pb_contact_field field_id=&#8221;Viesti&#8221; field_title=&#8221;Viesti&#8221; field_type=&#8221;text&#8221; fullwidth_field=&#8221;on&#8221; _builder_version=&#8221;4.9.7&#8243; button_text_size__hover_enabled=&#8221;off&#8221; button_one_text_size__hover_enabled=&#8221;off&#8221; button_two_text_size__hover_enabled=&#8221;off&#8221; button_text_color__hover_enabled=&#8221;off&#8221; button_one_text_color__hover_enabled=&#8221;off&#8221; button_two_text_color__hover_enabled=&#8221;off&#8221; button_border_width__hover_enabled=&#8221;off&#8221; button_one_border_width__hover_enabled=&#8221;off&#8221; button_two_border_width__hover_enabled=&#8221;off&#8221; button_border_color__hover_enabled=&#8221;off&#8221; button_one_border_color__hover_enabled=&#8221;off&#8221; button_two_border_color__hover_enabled=&#8221;off&#8221; button_border_radius__hover_enabled=&#8221;off&#8221; button_one_border_radius__hover_enabled=&#8221;off&#8221; button_two_border_radius__hover_enabled=&#8221;off&#8221; button_letter_spacing__hover_enabled=&#8221;off&#8221; button_one_letter_spacing__hover_enabled=&#8221;off&#8221; button_two_letter_spacing__hover_enabled=&#8221;off&#8221; button_bg_color__hover_enabled=&#8221;off&#8221; button_one_bg_color__hover_enabled=&#8221;off&#8221; button_two_bg_color__hover_enabled=&#8221;off&#8221;][\/et_pb_contact_field][\/et_pb_contact_form][\/et_pb_column][\/et_pb_row][\/et_pb_section]<\/p>\n","protected":false},"excerpt":{"rendered":"<p>[et_pb_section fb_built=&#8221;1&#8243; next_background_color=&#8221;#ffffff&#8221; admin_label=&#8221;Hero&#8221; _builder_version=&#8221;4.9.7&#8243; use_background_color_gradient=&#8221;on&#8221; background_color_gradient_start=&#8221;rgba(40,40,40,0.79)&#8221; background_color_gradient_end=&#8221;rgba(40,40,40,0.86)&#8221; background_color_gradient_type=&#8221;radial&#8221; background_color_gradient_direction_radial=&#8221;top left&#8221; background_color_gradient_overlays_image=&#8221;on&#8221; background_image=&#8221;https:\/\/www.pirkanmaanrakennuttajapalvelu.fi\/wp-content\/uploads\/2021\/06\/construction-21.jpg&#8221; custom_margin=&#8221;||||false&#8221; custom_padding=&#8221;12vw||12vw||true|false&#8221; bottom_divider_style=&#8221;mountains2&#8243;][et_pb_row column_structure=&#8221;2_3,1_3&#8243; _builder_version=&#8221;3.25&#8243; custom_margin=&#8221;-4px|auto||auto||&#8221; custom_padding=&#8221;12px|||||&#8221;][et_pb_column type=&#8221;2_3&#8243; _builder_version=&#8221;3.25&#8243; custom_padding=&#8221;|||&#8221; custom_padding__hover=&#8221;|||&#8221;][et_pb_text _builder_version=&#8221;4.9.7&#8243; text_font=&#8221;||||||||&#8221; header_font=&#8221;Rubik|700|||||||&#8221; header_font_size=&#8221;64px&#8221; header_line_height=&#8221;1.1em&#8221; background_layout=&#8221;dark&#8221; max_width=&#8221;800px&#8221; custom_margin=&#8221;||0px|&#8221; custom_margin_tablet=&#8221;&#8221; custom_margin_phone=&#8221;15px||0px||false|false&#8221; custom_margin_last_edited=&#8221;on|phone&#8221; custom_padding=&#8221;|||16px&#8221; text_font_size_tablet=&#8221;14px&#8221; text_font_size_last_edited=&#8221;off|desktop&#8221; header_font_size_tablet=&#8221;53px&#8221; header_font_size_phone=&#8221;33px&#8221; header_font_size_last_edited=&#8221;on|tablet&#8221; border_color_all=&#8221;#ffb400&#8243; border_width_left=&#8221;10px&#8221;] Yhteystiedot [\/et_pb_text][et_pb_text _builder_version=&#8221;4.9.7&#8243; text_font=&#8221;||||||||&#8221; text_font_size=&#8221;22px&#8221; text_line_height=&#8221;1.6em&#8221; header_font=&#8221;||||||||&#8221; background_layout=&#8221;dark&#8221; max_width=&#8221;800px&#8221; custom_margin=&#8221;|||&#8221; custom_padding=&#8221;20px||20px||true&#8221; text_font_size_tablet=&#8221;18px&#8221; [&hellip;]<\/p>\n","protected":false},"author":1,"featured_media":0,"parent":0,"menu_order":0,"comment_status":"closed","ping_status":"closed","template":"","meta":{"_et_pb_use_builder":"on","_et_pb_old_content":"<!-- wp:divi\/placeholder \/-->","_et_gb_content_width":""},"yoast_head":"<!-- This site is optimized with the Yoast SEO plugin v16.6.1 - https:\/\/yoast.com\/wordpress\/plugins\/seo\/ -->\n<title>Yhteystiedot | Rakennuttaminen \u23ae ty&ouml;njohtaja \/ -valvoja \u23aep&auml;&auml;suunnittelija \u23aePirkanmaan rakennuttajapalvely Oy<\/title>\n<meta name=\"description\" content=\"Tarjoan vastaavan ty\u00f6njohtajan \/ -valvojan, rakennuttamisen ja p\u00e4\u00e4suunnnittelijan palveluita omakotitalojen rakentamisessa sek\u00e4 muissa pientalorakentamisen erilaisissa projekteissa.\" \/>\n<meta name=\"robots\" content=\"index, follow, max-snippet:-1, max-image-preview:large, max-video-preview:-1\" \/>\n<link rel=\"canonical\" href=\"https:\/\/www.pirkanmaanrakennuttajapalvelu.fi\/index.php\/yhteystiedot\/\" \/>\n<meta property=\"og:locale\" content=\"fi_FI\" \/>\n<meta property=\"og:type\" content=\"article\" \/>\n<meta property=\"og:title\" content=\"Yhteystiedot | Rakennuttaminen \u23ae ty&ouml;njohtaja \/ -valvoja \u23aep&auml;&auml;suunnittelija \u23aePirkanmaan rakennuttajapalvely Oy\" \/>\n<meta property=\"og:description\" content=\"Tarjoan vastaavan ty\u00f6njohtajan \/ -valvojan, rakennuttamisen ja p\u00e4\u00e4suunnnittelijan palveluita omakotitalojen rakentamisessa sek\u00e4 muissa pientalorakentamisen erilaisissa projekteissa.\" \/>\n<meta property=\"og:url\" content=\"https:\/\/www.pirkanmaanrakennuttajapalvelu.fi\/index.php\/yhteystiedot\/\" \/>\n<meta property=\"og:site_name\" content=\"Rakennuttaminen \u23ae ty&ouml;njohtaja \/ -valvoja \u23aep&auml;&auml;suunnittelija \u23aePirkanmaan rakennuttajapalvely Oy\" \/>\n<meta property=\"article:modified_time\" content=\"2021-07-06T10:50:22+00:00\" \/>\n<meta name=\"twitter:card\" content=\"summary_large_image\" \/>\n<meta name=\"twitter:label1\" content=\"Arvioitu lukuaika\" \/>\n\t<meta name=\"twitter:data1\" content=\"3 minuuttia\" \/>\n<script type=\"application\/ld+json\" class=\"yoast-schema-graph\">{\"@context\":\"https:\/\/schema.org\",\"@graph\":[{\"@type\":\"WebSite\",\"@id\":\"https:\/\/www.pirkanmaanrakennuttajapalvelu.fi\/#website\",\"url\":\"https:\/\/www.pirkanmaanrakennuttajapalvelu.fi\/\",\"name\":\"Rakennuttaminen \\u23ae ty&ouml;njohtaja \/ -valvoja \\u23aep&auml;&auml;suunnittelija \\u23aePirkanmaan rakennuttajapalvely Oy\",\"description\":\"Yksi WordPress sivusto\",\"potentialAction\":[{\"@type\":\"SearchAction\",\"target\":{\"@type\":\"EntryPoint\",\"urlTemplate\":\"https:\/\/www.pirkanmaanrakennuttajapalvelu.fi\/?s={search_term_string}\"},\"query-input\":\"required name=search_term_string\"}],\"inLanguage\":\"fi\"},{\"@type\":\"WebPage\",\"@id\":\"https:\/\/www.pirkanmaanrakennuttajapalvelu.fi\/index.php\/yhteystiedot\/#webpage\",\"url\":\"https:\/\/www.pirkanmaanrakennuttajapalvelu.fi\/index.php\/yhteystiedot\/\",\"name\":\"Yhteystiedot | Rakennuttaminen \\u23ae ty&ouml;njohtaja \/ -valvoja \\u23aep&auml;&auml;suunnittelija \\u23aePirkanmaan rakennuttajapalvely Oy\",\"isPartOf\":{\"@id\":\"https:\/\/www.pirkanmaanrakennuttajapalvelu.fi\/#website\"},\"datePublished\":\"2021-06-04T08:52:27+00:00\",\"dateModified\":\"2021-07-06T10:50:22+00:00\",\"description\":\"Tarjoan vastaavan ty\\u00f6njohtajan \/ -valvojan, rakennuttamisen ja p\\u00e4\\u00e4suunnnittelijan palveluita omakotitalojen rakentamisessa sek\\u00e4 muissa pientalorakentamisen erilaisissa projekteissa.\",\"breadcrumb\":{\"@id\":\"https:\/\/www.pirkanmaanrakennuttajapalvelu.fi\/index.php\/yhteystiedot\/#breadcrumb\"},\"inLanguage\":\"fi\",\"potentialAction\":[{\"@type\":\"ReadAction\",\"target\":[\"https:\/\/www.pirkanmaanrakennuttajapalvelu.fi\/index.php\/yhteystiedot\/\"]}]},{\"@type\":\"BreadcrumbList\",\"@id\":\"https:\/\/www.pirkanmaanrakennuttajapalvelu.fi\/index.php\/yhteystiedot\/#breadcrumb\",\"itemListElement\":[{\"@type\":\"ListItem\",\"position\":1,\"name\":\"Etusivu\",\"item\":\"https:\/\/www.pirkanmaanrakennuttajapalvelu.fi\/\"},{\"@type\":\"ListItem\",\"position\":2,\"name\":\"Yhteystiedot\"}]}]}<\/script>\n<!-- \/ Yoast SEO plugin. -->","_links":{"self":[{"href":"https:\/\/www.pirkanmaanrakennuttajapalvelu.fi\/index.php\/wp-json\/wp\/v2\/pages\/17"}],"collection":[{"href":"https:\/\/www.pirkanmaanrakennuttajapalvelu.fi\/index.php\/wp-json\/wp\/v2\/pages"}],"about":[{"href":"https:\/\/www.pirkanmaanrakennuttajapalvelu.fi\/index.php\/wp-json\/wp\/v2\/types\/page"}],"author":[{"embeddable":true,"href":"https:\/\/www.pirkanmaanrakennuttajapalvelu.fi\/index.php\/wp-json\/wp\/v2\/users\/1"}],"replies":[{"embeddable":true,"href":"https:\/\/www.pirkanmaanrakennuttajapalvelu.fi\/index.php\/wp-json\/wp\/v2\/comments?post=17"}],"version-history":[{"count":67,"href":"https:\/\/www.pirkanmaanrakennuttajapalvelu.fi\/index.php\/wp-json\/wp\/v2\/pages\/17\/revisions"}],"predecessor-version":[{"id":742,"href":"https:\/\/www.pirkanmaanrakennuttajapalvelu.fi\/index.php\/wp-json\/wp\/v2\/pages\/17\/revisions\/742"}],"wp:attachment":[{"href":"https:\/\/www.pirkanmaanrakennuttajapalvelu.fi\/index.php\/wp-json\/wp\/v2\/media?parent=17"}],"curies":[{"name":"wp","href":"https:\/\/api.w.org\/{rel}","templated":true}]}}